{"id":29,"date":"2014-12-28T16:22:30","date_gmt":"2014-12-28T16:22:30","guid":{"rendered":"http:\/\/kirstfeld.de\/?page_id=29"},"modified":"2025-09-17T13:29:03","modified_gmt":"2025-09-17T13:29:03","slug":"impressum","status":"publish","type":"page","link":"https:\/\/kirstfeld.de\/?page_id=29","title":{"rendered":"Impressum"},"content":{"rendered":"<h3><span style=\"text-decoration: underline;\">Angaben gem\u00e4\u00df \u00a7 5 TMG<\/span><\/h3>\n<p><strong>Firmenname und\u00a0Anschrift:<\/strong><br \/>\nKIB Kirstfeld Ingenieurb\u00fcro f\u00fcr Elektrotechnik und Projektunterst\u00fctzung im Hochbau GmbH i. L.<br \/>\nIm Hopfengarten 8<br \/>\n56291 Maisborn<\/p>\n<p><strong>Vertreten durch:<br \/>\n<\/strong>Dipl.-Ing. (FH) Thilo Kirstfeld<\/p>\n<p><strong>Kontakt:<br \/>\n<\/strong>Tel. : (0 67 46) 80 29 86 0<br \/>\ni<span style=\"color: #ffffff;\">i<\/span>n<span style=\"color: #ffffff;\">i<\/span>f o<span style=\"color: #ffffff;\">i<\/span>@<span style=\"color: #ffffff;\">i<\/span>K<span style=\"color: #ffffff;\">i<\/span>i<span style=\"color: #ffffff;\">i<\/span>r<span style=\"color: #ffffff;\">i<\/span>s<span style=\"color: #ffffff;\">i<\/span>t<span style=\"color: #ffffff;\">i<\/span>f e<span style=\"color: #ffffff;\">i<\/span>l<span style=\"color: #ffffff;\">i<\/span>d<span style=\"color: #ffffff;\">i<\/span>.<span style=\"color: #ffffff;\">i<\/span>d<span style=\"color: #ffffff;\">i<\/span>e<\/p>\n<p><strong>Eintragung im Handelsregister:<\/strong><br \/>\nRegistergericht: Koblenz<br \/>\nRegisternummer: HRB5833<\/p>\n<p><strong>Umsatzsteuer-ID:<br \/>\n<\/strong>Umsatzsteuer-Identifikationsnummer gem\u00e4\u00df \u00a7 27 a Umsatzsteuergesetz: DE204721860<\/p>\n<p><strong>Verantwortlich f\u00fcr den Inhalt nach \u00a7 55 Abs. 2 RStV:<br \/>\n<\/strong>Dipl.-Ing. (FH) Thilo Kirstfeld<\/p>\n<h3><span style=\"text-decoration: underline;\">Haftungsausschluss<\/span><\/h3>\n<p><strong>Haftung f\u00fcr Inhalte<\/strong><\/p>\n<p>Die Inhalte unserer Seiten wurden mit gr\u00f6\u00dfter Sorgfalt erstellt. F\u00fcr die Richtigkeit, Vollst\u00e4ndigkeit und Aktualit\u00e4t der Inhalte k\u00f6nnen wir jedoch keine Gew\u00e4hr \u00fcbernehmen. Als Diensteanbieter sind wir gem\u00e4\u00df \u00a7 7 Abs.1 TMG f\u00fcr eigene Inhalte auf diesen Seiten nach den allgemeinen Gesetzen verantwortlich. Nach \u00a7\u00a7 8 bis 10 TMG sind wir als Diensteanbieter jedoch nicht verpflichtet, \u00fcbermittelte oder gespeicherte fremde Informationen zu \u00fcberwachen oder nach Umst\u00e4nden zu forschen, die auf eine rechtswidrige T\u00e4tigkeit hinweisen. Verpflichtungen zur Entfernung oder Sperrung der Nutzung von Informationen nach den allgemeinen Gesetzen bleiben hiervon unber\u00fchrt. Eine diesbez\u00fcgliche Haftung ist jedoch erst ab dem Zeitpunkt der Kenntnis einer konkreten Rechtsverletzung m\u00f6glich. Bei Bekanntwerden von entsprechenden Rechtsverletzungen werden wir diese Inhalte umgehend entfernen.<\/p>\n<p><strong>Haftung f\u00fcr Links<\/strong><\/p>\n<p>Unser Angebot enth\u00e4lt Links zu externen Webseiten Dritter, auf deren Inhalte wir keinen Einfluss haben. Deshalb k\u00f6nnen wir f\u00fcr diese fremden Inhalte auch keine Gew\u00e4hr \u00fcbernehmen. F\u00fcr die Inhalte der verlinkten Seiten ist stets der jeweilige Anbieter oder Betreiber der Seiten verantwortlich. Die verlinkten Seiten wurden zum Zeitpunkt der Verlinkung auf m\u00f6gliche Rechtsverst\u00f6\u00dfe \u00fcberpr\u00fcft. Rechtswidrige Inhalte waren zum Zeitpunkt der Verlinkung nicht erkennbar. Eine permanente inhaltliche Kontrolle der verlinkten Seiten ist jedoch ohne konkrete Anhaltspunkte einer Rechtsverletzung nicht zumutbar. Bei Bekanntwerden von Rechtsverletzungen werden wir derartige Links umgehend entfernen.<\/p>\n<p><strong>Urheberrecht<\/strong><\/p>\n<p>Die durch die Seitenbetreiber erstellten Inhalte und Werke auf diesen Seiten unterliegen dem deutschen Urheberrecht. Die Vervielf\u00e4ltigung, Bearbeitung, Verbreitung und jede Art der Verwertung au\u00dferhalb der Grenzen des Urheberrechtes bed\u00fcrfen der schriftlichen Zustimmung des jeweiligen Autors bzw. Erstellers. Downloads und Kopien dieser Seite sind nur f\u00fcr den privaten, nicht kommerziellen Gebrauch gestattet. Soweit die Inhalte auf dieser Seite nicht vom Betreiber erstellt wurden, werden die Urheberrechte Dritter beachtet. Insbesondere werden Inhalte Dritter als solche gekennzeichnet. Sollten Sie trotzdem auf eine Urheberrechtsverletzung aufmerksam werden, bitten wir um einen entsprechenden Hinweis. Bei Bekanntwerden von Rechtsverletzungen werden wir derartige Inhalte umgehend entfernen.<\/p>\n<h1 data-start=\"199\" data-end=\"221\">Datenschutzerkl\u00e4rung<\/h1>\n<h2 data-start=\"223\" data-end=\"247\">1. Verantwortlicher<\/h2>\n<p>KIB Kirstfeld Ingenieurb\u00fcro f\u00fcr Elektrotechnik und Projektunterst\u00fctzung im Hochbau GmbH i. L.<br \/>\nIm Hopfengarten 8<br \/>\n56291 Maisborn<\/p>\n<p><strong>Vertreten durch:<br \/>\n<\/strong>Dipl.-Ing. (FH) Thilo Kirstfeld<\/p>\n<p data-start=\"248\" data-end=\"344\">Telefon: 06746 8029860<br data-start=\"321\" data-end=\"324\" \/>E-Mail: i<span style=\"color: #ffffff;\">i<\/span>n<span style=\"color: #ffffff;\">i<\/span>f o<span style=\"color: #ffffff;\">i<\/span>@<span style=\"color: #ffffff;\">i<\/span>K<span style=\"color: #ffffff;\">i<\/span>i<span style=\"color: #ffffff;\">i<\/span>r<span style=\"color: #ffffff;\">i<\/span>s<span style=\"color: #ffffff;\">i<\/span>t<span style=\"color: #ffffff;\">i<\/span>f e<span style=\"color: #ffffff;\">i<\/span>l<span style=\"color: #ffffff;\">i<\/span>d<span style=\"color: #ffffff;\">i<\/span>.<span style=\"color: #ffffff;\">i<\/span>d<span style=\"color: #ffffff;\">i<\/span>e<\/p>\n<p data-start=\"346\" data-end=\"443\">Verantwortlich f\u00fcr die Datenverarbeitung auf dieser Website ist die oben genannte Gesellschaft.<\/p>\n<hr data-start=\"445\" data-end=\"448\" \/>\n<h2 data-start=\"450\" data-end=\"491\">2. Allgemeines zur Datenverarbeitung<\/h2>\n<p data-start=\"492\" data-end=\"665\">Wir verarbeiten personenbezogene Daten der Nutzer nur, soweit dies zur Bereitstellung einer funktionsf\u00e4higen Website sowie unserer Inhalte und Leistungen erforderlich ist.<\/p>\n<p data-start=\"667\" data-end=\"796\">Rechtsgrundlage: Art. 6 Abs. 1 lit. f DSGVO (berechtigtes Interesse an einem sicheren und nutzerfreundlichen Internetauftritt).<\/p>\n<hr data-start=\"798\" data-end=\"801\" \/>\n<h2 data-start=\"803\" data-end=\"842\">3. Zugriffsdaten (Server-Logfiles)<\/h2>\n<p data-start=\"843\" data-end=\"955\">Beim Aufruf unserer Website werden durch den Webserver automatisch Daten erfasst, die Ihr Browser \u00fcbermittelt:<\/p>\n<ul data-start=\"956\" data-end=\"1247\">\n<li data-start=\"956\" data-end=\"970\">\n<p data-start=\"958\" data-end=\"970\">IP-Adresse<\/p>\n<\/li>\n<li data-start=\"971\" data-end=\"1004\">\n<p data-start=\"973\" data-end=\"1004\">Datum und Uhrzeit der Anfrage<\/p>\n<\/li>\n<li data-start=\"1005\" data-end=\"1035\">\n<p data-start=\"1007\" data-end=\"1035\">Zeitzonendifferenz zur GMT<\/p>\n<\/li>\n<li data-start=\"1036\" data-end=\"1079\">\n<p data-start=\"1038\" data-end=\"1079\">Inhalt der Anforderung (konkrete Seite)<\/p>\n<\/li>\n<li data-start=\"1080\" data-end=\"1114\">\n<p data-start=\"1082\" data-end=\"1114\">Zugriffsstatus\/HTTP-Statuscode<\/p>\n<\/li>\n<li data-start=\"1115\" data-end=\"1149\">\n<p data-start=\"1117\" data-end=\"1149\">jeweils \u00fcbertragene Datenmenge<\/p>\n<\/li>\n<li data-start=\"1150\" data-end=\"1192\">\n<p data-start=\"1152\" data-end=\"1192\">Website, von der die Anforderung kommt<\/p>\n<\/li>\n<li data-start=\"1193\" data-end=\"1228\">\n<p data-start=\"1195\" data-end=\"1228\">Browsertyp, Sprache und Version<\/p>\n<\/li>\n<li data-start=\"1229\" data-end=\"1247\">\n<p data-start=\"1231\" data-end=\"1247\">Betriebssystem<\/p>\n<\/li>\n<\/ul>\n<p data-start=\"1249\" data-end=\"1430\">Diese Daten sind technisch erforderlich, um die Website anzuzeigen und die Stabilit\u00e4t und Sicherheit zu gew\u00e4hrleisten. Eine Zusammenf\u00fchrung mit anderen Datenquellen erfolgt nicht.<\/p>\n<p data-start=\"1432\" data-end=\"1464\">Speicherdauer: maximal 7 Tage.<\/p>\n<hr data-start=\"1466\" data-end=\"1469\" \/>\n<h2 data-start=\"1471\" data-end=\"1501\">4. Verwendung von Cookies<\/h2>\n<p data-start=\"1502\" data-end=\"1562\">Unsere Website verwendet <strong data-start=\"1527\" data-end=\"1559\">technisch notwendige Cookies<\/strong>.<\/p>\n<ul data-start=\"1564\" data-end=\"1787\">\n<li data-start=\"1564\" data-end=\"1603\">\n<p data-start=\"1566\" data-end=\"1603\"><strong data-start=\"1566\" data-end=\"1575\">Name:<\/strong> <code data-start=\"1576\" data-end=\"1601\">wpEmojiSettingsSupports<\/code><\/p>\n<\/li>\n<li data-start=\"1604\" data-end=\"1672\">\n<p data-start=\"1606\" data-end=\"1672\"><strong data-start=\"1606\" data-end=\"1616\">Zweck:<\/strong> Pr\u00fcft, ob Ihr Browser Emojis korrekt darstellen kann.<\/p>\n<\/li>\n<li data-start=\"1673\" data-end=\"1741\">\n<p data-start=\"1675\" data-end=\"1741\"><strong data-start=\"1675\" data-end=\"1685\">Dauer:<\/strong> Sitzung (wird nach Ende der Browsersitzung gel\u00f6scht).<\/p>\n<\/li>\n<li data-start=\"1742\" data-end=\"1787\">\n<p data-start=\"1744\" data-end=\"1787\"><strong data-start=\"1744\" data-end=\"1754\">Daten:<\/strong> keine personenbezogenen Daten.<\/p>\n<\/li>\n<\/ul>\n<p data-start=\"1789\" data-end=\"1916\">Rechtsgrundlage: Art. 6 Abs. 1 lit. f DSGVO (berechtigtes Interesse an einer technisch fehlerfreien Darstellung der Website).<\/p>\n<p data-start=\"1918\" data-end=\"1961\">Ein Cookie-Banner ist nicht erforderlich.<\/p>\n<hr data-start=\"1963\" data-end=\"1966\" \/>\n<h2 data-start=\"1968\" data-end=\"1991\">5. Kontaktaufnahme<\/h2>\n<p data-start=\"1992\" data-end=\"2196\">Wenn Sie uns per E-Mail oder Telefon kontaktieren, werden die von Ihnen \u00fcbermittelten Daten (z. B. Name, Telefonnummer, E-Mail-Adresse, Inhalte der Nachricht) gespeichert, um Ihre Anfrage zu bearbeiten.<\/p>\n<p data-start=\"2198\" data-end=\"2369\">Rechtsgrundlage: Art. 6 Abs. 1 lit. b DSGVO (Vertragsanbahnung oder -erf\u00fcllung) oder Art. 6 Abs. 1 lit. f DSGVO (berechtigtes Interesse an der Bearbeitung von Anfragen).<\/p>\n<hr data-start=\"2371\" data-end=\"2374\" \/>\n<h2 data-start=\"2376\" data-end=\"2415\">6. Rechte der betroffenen Personen<\/h2>\n<p data-start=\"2416\" data-end=\"2442\">Sie haben das Recht auf:<\/p>\n<ul data-start=\"2443\" data-end=\"2728\">\n<li data-start=\"2443\" data-end=\"2501\">\n<p data-start=\"2445\" data-end=\"2501\">Auskunft \u00fcber Ihre gespeicherten Daten (Art. 15 DSGVO)<\/p>\n<\/li>\n<li data-start=\"2502\" data-end=\"2552\">\n<p data-start=\"2504\" data-end=\"2552\">Berichtigung unrichtiger Daten (Art. 16 DSGVO)<\/p>\n<\/li>\n<li data-start=\"2553\" data-end=\"2581\">\n<p data-start=\"2555\" data-end=\"2581\">L\u00f6schung (Art. 17 DSGVO)<\/p>\n<\/li>\n<li data-start=\"2582\" data-end=\"2632\">\n<p data-start=\"2584\" data-end=\"2632\">Einschr\u00e4nkung der Verarbeitung (Art. 18 DSGVO)<\/p>\n<\/li>\n<li data-start=\"2633\" data-end=\"2673\">\n<p data-start=\"2635\" data-end=\"2673\">Daten\u00fcbertragbarkeit (Art. 20 DSGVO)<\/p>\n<\/li>\n<li data-start=\"2674\" data-end=\"2728\">\n<p data-start=\"2676\" data-end=\"2728\">Widerspruch gegen die Verarbeitung (Art. 21 DSGVO)<\/p>\n<\/li>\n<\/ul>\n<p data-start=\"2730\" data-end=\"2860\">Sie haben au\u00dferdem das Recht, sich bei einer Aufsichtsbeh\u00f6rde \u00fcber die Verarbeitung Ihrer personenbezogenen Daten zu beschweren.<\/p>\n<hr data-start=\"2862\" data-end=\"2865\" \/>\n<h2 data-start=\"2867\" data-end=\"2890\">7. Datensicherheit<\/h2>\n<p data-start=\"2891\" data-end=\"3168\">Wir setzen technische und organisatorische Sicherheitsma\u00dfnahmen ein, um Ihre Daten gegen Manipulation, Verlust, Zerst\u00f6rung oder den unbefugten Zugriff Dritter zu sch\u00fctzen. Unsere Sicherheitsma\u00dfnahmen werden entsprechend der technologischen Entwicklung fortlaufend verbessert.<\/p>\n<hr data-start=\"3170\" data-end=\"3173\" \/>\n<h2 data-start=\"3175\" data-end=\"3221\">8. \u00c4nderungen dieser Datenschutzerkl\u00e4rung<\/h2>\n<p data-start=\"3222\" data-end=\"3411\">Wir behalten uns vor, diese Datenschutzerkl\u00e4rung jederzeit zu \u00e4ndern, damit sie stets den aktuellen rechtlichen Anforderungen entspricht oder \u00c4nderungen unserer Leistungen ber\u00fccksichtigt.<\/p>\n<p>&nbsp;<\/p>\n","protected":false},"excerpt":{"rendered":"<p>Angaben gem\u00e4\u00df \u00a7 5 TMG Firmenname und\u00a0Anschrift: KIB Kirstfeld Ingenieurb\u00fcro f\u00fcr Elektrotechnik und Projektunterst\u00fctzung im Hochbau GmbH i. L. Im Hopfengarten 8 56291 Maisborn Vertreten durch: Dipl.-Ing. (FH) Thilo Kirstfeld Kontakt: Tel. : (0 67 46) 80 29 86 0 iinif oi@iKiiirisitif eilidi.idie Eintragung im Handelsregister: Registergericht: Koblenz Registernummer: HRB5833 Umsatzsteuer-ID: Umsatzsteuer-Identifikationsnummer gem\u00e4\u00df \u00a7 27 [&hellip;]<\/p>\n","protected":false},"author":1,"featured_media":0,"parent":0,"menu_order":10,"comment_status":"closed","ping_status":"closed","template":"","meta":{"footnotes":""},"class_list":["post-29","page","type-page","status-publish","hentry"],"_links":{"self":[{"href":"https:\/\/kirstfeld.de\/index.php?rest_route=\/wp\/v2\/pages\/29","targetHints":{"allow":["GET"]}}],"collection":[{"href":"https:\/\/kirstfeld.de\/index.php?rest_route=\/wp\/v2\/pages"}],"about":[{"href":"https:\/\/kirstfeld.de\/index.php?rest_route=\/wp\/v2\/types\/page"}],"author":[{"embeddable":true,"href":"https:\/\/kirstfeld.de\/index.php?rest_route=\/wp\/v2\/users\/1"}],"replies":[{"embeddable":true,"href":"https:\/\/kirstfeld.de\/index.php?rest_route=%2Fwp%2Fv2%2Fcomments&post=29"}],"version-history":[{"count":7,"href":"https:\/\/kirstfeld.de\/index.php?rest_route=\/wp\/v2\/pages\/29\/revisions"}],"predecessor-version":[{"id":188,"href":"https:\/\/kirstfeld.de\/index.php?rest_route=\/wp\/v2\/pages\/29\/revisions\/188"}],"wp:attachment":[{"href":"https:\/\/kirstfeld.de\/index.php?rest_route=%2Fwp%2Fv2%2Fmedia&parent=29"}],"curies":[{"name":"wp","href":"https:\/\/api.w.org\/{rel}","templated":true}]}}