{"id":15,"date":"2014-12-28T15:49:54","date_gmt":"2014-12-28T15:49:54","guid":{"rendered":"http:\/\/kirstfeld.de\/?page_id=15"},"modified":"2014-12-28T16:52:46","modified_gmt":"2014-12-28T16:52:46","slug":"unsere-leistungen","status":"publish","type":"page","link":"https:\/\/kirstfeld.de\/?page_id=15","title":{"rendered":"Unsere Leistungen"},"content":{"rendered":"<p>Der Schwerpunkt unserer Ingenieurleistungen liegt in der Planung von elektrotechnischen Anlagen in den Bereichen:<\/p>\n<ul>\n<li>Technische Geb\u00e4udeausr\u00fcstung<\/li>\n<li>Automatisierungstechnik verfahrenstechnischer Anlagen<\/li>\n<li>Fernwirkanlagen<\/li>\n<li>Stra\u00dfenbeleuchtung<\/li>\n<\/ul>\n<p>Innerhalb dieser Fachgebiete bearbeiten wir alle Leistungsphasen der HOAI.<\/p>\n","protected":false},"excerpt":{"rendered":"<p>Der Schwerpunkt unserer Ingenieurleistungen liegt in der Planung von elektrotechnischen Anlagen in den Bereichen: Technische Geb\u00e4udeausr\u00fcstung Automatisierungstechnik verfahrenstechnischer Anlagen Fernwirkanlagen Stra\u00dfenbeleuchtung Innerhalb dieser Fachgebiete bearbeiten wir alle Leistungsphasen der HOAI.<\/p>\n","protected":false},"author":1,"featured_media":0,"parent":0,"menu_order":2,"comment_status":"closed","ping_status":"closed","template":"page-templates\/front-page.php","meta":{"footnotes":""},"class_list":["post-15","page","type-page","status-publish","hentry"],"_links":{"self":[{"href":"https:\/\/kirstfeld.de\/index.php?rest_route=\/wp\/v2\/pages\/15","targetHints":{"allow":["GET"]}}],"collection":[{"href":"https:\/\/kirstfeld.de\/index.php?rest_route=\/wp\/v2\/pages"}],"about":[{"href":"https:\/\/kirstfeld.de\/index.php?rest_route=\/wp\/v2\/types\/page"}],"author":[{"embeddable":true,"href":"https:\/\/kirstfeld.de\/index.php?rest_route=\/wp\/v2\/users\/1"}],"replies":[{"embeddable":true,"href":"https:\/\/kirstfeld.de\/index.php?rest_route=%2Fwp%2Fv2%2Fcomments&post=15"}],"version-history":[{"count":0,"href":"https:\/\/kirstfeld.de\/index.php?rest_route=\/wp\/v2\/pages\/15\/revisions"}],"wp:attachment":[{"href":"https:\/\/kirstfeld.de\/index.php?rest_route=%2Fwp%2Fv2%2Fmedia&parent=15"}],"curies":[{"name":"wp","href":"https:\/\/api.w.org\/{rel}","templated":true}]}}